{"id":10545,"date":"2019-05-13T23:45:24","date_gmt":"2019-05-14T02:45:24","guid":{"rendered":"http:\/\/institutotec.com.ar\/web2\/?page_id=10545"},"modified":"2025-03-28T16:35:59","modified_gmt":"2025-03-28T19:35:59","slug":"organizador-profesional-de-eventos","status":"publish","type":"page","link":"https:\/\/institutotec.com.ar\/web2\/cursos-cortos\/organizador-profesional-de-eventos\/","title":{"rendered":"Organizador Profesional de Eventos"},"content":{"rendered":"<p>[vc_row tm_bgcolor=\u00bbwhite\u00bb tm_bgimagefixed=\u00bb\u00bb break_in_responsive=\u00bb1200&#8243; full_width=\u00bbstretch_row\u00bb css=\u00bb.vc_custom_1558492718520{padding-top: 90px !important;}\u00bb el_class=\u00bbpadding-top-0px-1200 padding-bottom-0px-1200&#8243;][vc_column tm_textcolor=\u00bbwhite\u00bb width=\u00bb3\/4&#8243; el_class=\u00bbtm-bgcolor-darkgrey sombra\u00bb][vc_row_inner break_in_responsive=\u00bb991&#8243; tm_shadow=\u00bbyes\u00bb css=\u00bb.vc_custom_1557627408116{padding-top: 50px !important;padding-right: 50px !important;padding-bottom: 30px !important;padding-left: 40px !important;}\u00bb tm_responsive_css=\u00bb84833920|colbreak_no|||||||||colbreak_no|||||||||colbreak_no||||||15px||15px||colbreak_no|||||||||\u00bb][vc_column_inner width=\u00bb5\/6&#8243; tm_responsive_css=\u00bb23362522|colbreak_no|||||||||colbreak_no||||||20px|||colbreak_no||||||||||colbreak_no|||||||||\u00bb]<div class=\"tm-element-heading-wrapper tm-heading-inner tm-element-align-left tm-seperator-solid tm-heading-style-vertical  vc_custom_1558535123856\"><section class=\"tm-vc_cta3-container\"><div class=\"tm-vc_general tm-vc_cta3 tm-cta3-only tm-vc_cta3-style-classic tm-vc_cta3-shape-rounded tm-vc_cta3-align-left tm-vc_cta3-color-transparent tm-vc_cta3-icon-size-md tm-vc_cta3-actions-no tm-cta3-with-desc\"><div class=\"tm-vc_cta3_content-container\"><div class=\"tm-vc_cta3-content\"><header class=\"tm-vc_cta3-content-header tm-wrap\"><div class=\"tm-vc_cta3-headers tm-wrap-cell\"><h4 class=\"tm-custom-heading \" >Descripci\u00f3n<\/h4>\n<h2 class=\"tm-custom-heading \" >Organizador Profesional de Eventos<\/h2>\n<\/div><div class=\"heading-seperator\"><span><\/span><\/div><\/header><div class=\"tm-cta3-content-wrapper\"><p>La creciente profesionalizaci\u00f3n en la organizaci\u00f3n de las actividades empresariales y sociales ha llevado a la sociedad a demandar nuevas profesiones, entre ellas la de organizaci\u00f3n de eventos. Esta demanda de profesionalizaci\u00f3n por parte de organizaciones, empresas y particulares ha dado origen a un fecundo campo laboral ofreciendo servicios para la generaci\u00f3n de eventos de calidad y alto impacto. La comunicaci\u00f3n tradicional a trav\u00e9s de la publicidad en los medios ya no es suficiente para lograr el impacto que el mercado demanda por lo que los eventos vuelven tangible la promesa de la<br \/>\npublicidad. Por otra parte la infraestructura destinada a la industria de los eventos ha crecido notablemente a trav\u00e9s de salones, hoteles, predios, la que igualmente sigue con demanda en ascenso, traccionando todo ello la demanda de profesionales cualificados y especializado en el tema para cumplir decuadamente con la expectativas de quienes contratan estos servicios profesionales.<br \/>\nNo solo las grandes empresas, organizaciones y marcas demandan servicios de eventos sino que tambi\u00e9n la peque\u00f1as y medianas empresas han adoptado esta forma de llegar al mercado potencial.<br \/>\nTambi\u00e9n los particulares que desean disfrutar de un evento social sin las preocupaciones que su organizaci\u00f3n acarrea. Hoy desde presentaciones de producto de grandes empresas, convenciones, conferencias, ferias, exposiciones, reuniones sociales, bodas, demandan personas calificadas que se hagan cargo de su planificaci\u00f3n, organizaci\u00f3n y ejecuci\u00f3n. Sin dudas un nuevo campo laboral<br \/>\ndivertido, atractivo y rentable.<\/p><\/div><\/div><\/div><\/div><\/section><\/div> <!-- .tm-element-heading-wrapper container --> [\/vc_column_inner][vc_column_inner width=\u00bb1\/6&#8243;][\/vc_column_inner][\/vc_row_inner][\/vc_column][vc_column tm_textcolor=\u00bbwhite\u00bb width=\u00bb1\/4&#8243; el_class=\u00bbpadding-leftright-0px-1200&#8243;][vc_row_inner el_class=\u00bbtm-bgcolor-skincolor\u00bb css=\u00bb.vc_custom_1558455555396{margin-top: 84px !important;margin-left: -120px !important;padding-top: 55px !important;padding-right: 15px !important;padding-bottom: 33px !important;padding-left: 20px !important;border-radius: 15px !important;}\u00bb tm_responsive_css=\u00bb53547819|colbreak_no|0px|0px|0px|0px|||||colbreak_no|||||||||colbreak_no||||||30px||30px||colbreak_no|||||||||\u00bb][vc_column_inner]<div class=\"tm-sbox tm-sbox-iconalign-left-spacing none tm-sbox-bgcolor-transparent tm-bgcolor-transparent tm-sbox-textcolor- tm-textcolor- tm-sbox-isize-sm tm-sbox-isize-sm tm-sbox-istyle-none vc_custom_1736891404304 tm-sbox-both-headings ttm-sbox-iconpadding-0px\"><section class=\"tm-vc_cta3-container\"><div class=\"tm-vc_general tm-vc_cta3 tm-vc_cta3-align-left tm-vc_cta3-icon-size-sm tm-vc_cta3-icons-left tm-vc_cta3-actions-no\"><div class=\"tm-vc_cta3-icons tm-wrap-cell\"><div class=\"tm-vc_icon_element tm-vc_icon_element-outer tm-vc_icon_element-align-left \"><div class=\"tm-vc_icon_element-inner  tm-vc_icon_element-color-white tm-vc_icon_element-size-sm tm-vc_icon_element-style-none tm-vc_icon_element-background-color-grey\" ><span class=\"tm-vc_icon_element-icon themifyicon ti-calendar\" ><\/span><\/div><\/div><\/div><div class=\"tm-vc_cta3_content-container\"><div class=\"tm-vc_cta3-content\"><div class=\"tm-vc_cta3-content-header tm-wrap\"><div class=\"tm-vc_cta3-headers tm-wrap-cell\"><h2 style=\"font-size:22px;line-height:27px;\" class=\"tm-custom-heading \" >Duraci\u00f3n<\/h2>\n<h4 style=\"font-size:16px;line-height:22px;\" class=\"tm-custom-heading \" >8 meses<\/h4>\n<\/div><\/div><\/div><div class=\"tm-cta3-desc-btn-wrapper\"><div class=\"tm-cta3-description\"><div class=\"tm-cta3-content-wrapper\"><p><span style=\"color: #ffffff;\">Nuevo inicio Abril 2025<\/span><\/p><\/div><\/div><\/div><\/div><\/div><\/section><\/div><div class=\"tm-sbox tm-sbox-iconalign-left-spacing none tm-sbox-bgcolor-transparent tm-bgcolor-transparent tm-sbox-textcolor- tm-textcolor- tm-sbox-isize-sm tm-sbox-isize-sm tm-sbox-istyle-none vc_custom_1650548416643 tm-sbox-both-headings ttm-sbox-iconpadding-0px\"><section class=\"tm-vc_cta3-container\"><div class=\"tm-vc_general tm-vc_cta3 tm-vc_cta3-align-left tm-vc_cta3-icon-size-sm tm-vc_cta3-icons-left tm-vc_cta3-actions-no\"><div class=\"tm-vc_cta3-icons tm-wrap-cell\"><div class=\"tm-vc_icon_element tm-vc_icon_element-outer tm-vc_icon_element-align-left \"><div class=\"tm-vc_icon_element-inner  tm-vc_icon_element-color-white tm-vc_icon_element-size-sm tm-vc_icon_element-style-none tm-vc_icon_element-background-color-grey\" ><span class=\"tm-vc_icon_element-icon themifyicon ti-ruler-pencil\" ><\/span><\/div><\/div><\/div><div class=\"tm-vc_cta3_content-container\"><div class=\"tm-vc_cta3-content\"><div class=\"tm-vc_cta3-content-header tm-wrap\"><div class=\"tm-vc_cta3-headers tm-wrap-cell\"><h2 style=\"font-size:22px;line-height:27px;\" class=\"tm-custom-heading \" >Cursado<\/h2>\n<h4 style=\"font-size:16px;line-height:22px;\" class=\"tm-custom-heading \" >Martes y Jueves (on line - vivo)<\/h4>\n<\/div><\/div><\/div><div class=\"tm-cta3-desc-btn-wrapper\"><div class=\"tm-cta3-description\"><\/div><\/div><\/div><\/div><\/section><\/div><div class=\"tm-sbox tm-sbox-iconalign-left-spacing none tm-sbox-bgcolor-transparent tm-bgcolor-transparent tm-sbox-textcolor- tm-textcolor- tm-sbox-isize-sm tm-sbox-isize-sm tm-sbox-istyle-none vc_custom_1736891124576 tm-sbox-both-headings ttm-sbox-iconpadding-0px\"><section class=\"tm-vc_cta3-container\"><div class=\"tm-vc_general tm-vc_cta3 tm-vc_cta3-align-left tm-vc_cta3-icon-size-sm tm-vc_cta3-icons-left tm-vc_cta3-actions-no\"><div class=\"tm-vc_cta3-icons tm-wrap-cell\"><div class=\"tm-vc_icon_element tm-vc_icon_element-outer tm-vc_icon_element-align-left \"><div class=\"tm-vc_icon_element-inner  tm-vc_icon_element-color-white tm-vc_icon_element-size-sm tm-vc_icon_element-style-none tm-vc_icon_element-background-color-grey\" ><span class=\"tm-vc_icon_element-icon themifyicon ti-money\" ><\/span><\/div><\/div><\/div><div class=\"tm-vc_cta3_content-container\"><div class=\"tm-vc_cta3-content\"><div class=\"tm-vc_cta3-content-header tm-wrap\"><div class=\"tm-vc_cta3-headers tm-wrap-cell\"><h2 style=\"font-size:22px;line-height:27px;\" class=\"tm-custom-heading \" >Costo<\/h2>\n<h4 style=\"font-size:16px;line-height:22px;\" class=\"tm-custom-heading \" >Consultanos<\/h4>\n<\/div><\/div><\/div><div class=\"tm-cta3-desc-btn-wrapper\"><div class=\"tm-cta3-description\"><\/div><\/div><\/div><\/div><\/section><\/div>[\/vc_column_inner][\/vc_row_inner][\/vc_column][\/vc_row][vc_row tm_bgcolor=\u00bbgrey\u00bb tm_bgimagefixed=\u00bb\u00bb full_width=\u00bbstretch_row\u00bb equal_height=\u00bbyes\u00bb content_placement=\u00bbmiddle\u00bb css=\u00bb.vc_custom_1558534491344{margin-top: 0px !important;margin-bottom: 50px !important;padding-top: 35px !important;padding-bottom: 100px !important;}\u00bb][vc_column width=\u00bb2\/3&#8243; css=\u00bb.vc_custom_1558534473372{padding-right: 40px !important;}\u00bb]<div class=\"tm-element-heading-wrapper tm-heading-inner tm-element-align-left tm-seperator-solid tm-heading-style-vertical \"><section class=\"tm-vc_cta3-container\"><div class=\"tm-vc_general tm-vc_cta3 tm-cta3-only tm-vc_cta3-style-classic tm-vc_cta3-shape-rounded tm-vc_cta3-align-left tm-vc_cta3-color-transparent tm-vc_cta3-icon-size-md tm-vc_cta3-actions-no tm-cta3-with-desc\"><div class=\"tm-vc_cta3_content-container\"><div class=\"tm-vc_cta3-content\"><header class=\"tm-vc_cta3-content-header tm-wrap\"><div class=\"tm-vc_cta3-headers tm-wrap-cell\"><h2 class=\"tm-custom-heading \" >Plan de Estudios<\/h2>\n<\/div><div class=\"heading-seperator\"><span><\/span><\/div><\/header><div class=\"tm-cta3-content-wrapper\"><p>ORGANIZACI\u00d3N DE EVENTOS<br \/>\nTALLER DE ORGANIZACI\u00d3N DE EVENTOS<br \/>\nCEREMONIAL Y PROTOCOLO<br \/>\nTECNOLOG\u00cdAS AUDIOVISUALES<br \/>\nAMBIENTACI\u00d3N Y ESCENOGRAF\u00cdA PARA EVENTOS<br \/>\nCOSTOS Y PRESUPUESTOS<br \/>\nORGANIZACI\u00d3N DE LA EMPRESA DE EVENTOS<br \/>\nGASTRONOM\u00cdA PARA EVENTOS<br \/>\nMARKETING Y COMUNICACI\u00d1ON PARA EVENTOS<br \/>\nTRABAJO INTEGRADOR FINAL<\/p><\/div><\/div><\/div><\/div><\/section><\/div> <!-- .tm-element-heading-wrapper container --> [\/vc_column][vc_column tm_textcolor=\u00bbwhite\u00bb tm_zindex=\u00bb1&#8243; width=\u00bb1\/3&#8243; css=\u00bb.vc_custom_1558476753189{padding-right: 40px !important;padding-left: 70px !important;}\u00bb][vc_row_inner tm_zindex=\u00bb2&#8243; el_class=\u00bbsombra\u00bb css=\u00bb.vc_custom_1558476951552{margin-top: 65px !important;border-top-width: 5px !important;border-right-width: 5px !important;border-bottom-width: 5px !important;border-left-width: 5px !important;padding-top: 25px !important;padding-right: 25px !important;padding-bottom: 25px !important;padding-left: 25px !important;background-color: #c52f33 !important;border-left-color: rgba(255,255,255,0.52) !important;border-left-style: solid !important;border-right-color: rgba(255,255,255,0.52) !important;border-right-style: solid !important;border-top-color: rgba(255,255,255,0.52) !important;border-top-style: solid !important;border-bottom-color: rgba(255,255,255,0.52) !important;border-bottom-style: solid !important;border-radius: 15px !important;}\u00bb][vc_column_inner tm_textcolor=\u00bbdark\u00bb]<div class=\"tm-element-heading-wrapper tm-heading-inner tm-element-align-left tm-seperator-none tm-heading-style-vertical \"><section class=\"tm-vc_cta3-container\"><div class=\"tm-vc_general tm-vc_cta3 tm-cta3-only tm-vc_cta3-style-classic tm-vc_cta3-shape-rounded tm-vc_cta3-align-left tm-vc_cta3-color-transparent tm-vc_cta3-icon-size-md tm-vc_cta3-actions-no tm-cta3-with-desc\"><div class=\"tm-vc_cta3_content-container\"><div class=\"tm-vc_cta3-content\"><header class=\"tm-vc_cta3-content-header tm-wrap\"><div class=\"tm-vc_cta3-headers tm-wrap-cell\"><h4 class=\"tm-custom-heading \" >Ventajas de<\/h4>\n<h2 style=\"font-size:30px;line-height:30px;\" class=\"tm-custom-heading \" >Estudiar en Tec<\/h2>\n<\/div><div class=\"heading-seperator\"><span><\/span><\/div><\/header><div class=\"tm-cta3-content-wrapper\"><p><i class=\"themifyicon ti-arrow-right\"><\/i> Pasant\u00edas<br \/>\n<i class=\"themifyicon ti-arrow-right\"><\/i>\u00a0Bolsa de Trabajo<br \/>\n<i class=\"themifyicon ti-arrow-right\"><\/i>\u00a0Campus Virtual<br \/>\n<i class=\"themifyicon ti-arrow-right\"><\/i>\u00a0Club de Emprendedores<br \/>\n<i class=\"themifyicon ti-arrow-right\"><\/i>\u00a0Seminarios<br \/>\n<i class=\"themifyicon ti-arrow-right\"><\/i>\u00a0Biblioteca<\/p><\/div><\/div><\/div><\/div><\/section><\/div> <!-- .tm-element-heading-wrapper container --> [\/vc_column_inner][\/vc_row_inner][\/vc_column][\/vc_row][vc_row tm_bgimagefixed=\u00bb\u00bb tm_zindex=\u00bb2&#8243; full_width=\u00bbstretch_row\u00bb css=\u00bb.vc_custom_1558472856414{padding-top: 10px !important;padding-bottom: 10px !important;}\u00bb][vc_column width=\u00bb2\/3&#8243;][vc_row_inner tm_zindex=\u00bb2&#8243; el_class=\u00bbsombra\u00bb css=\u00bb.vc_custom_1558472992318{margin-top: -150px !important;padding-top: 35px !important;padding-right: 35px !important;padding-bottom: 35px !important;padding-left: 35px !important;background-color: #ffffff !important;border-radius: 15px !important;}\u00bb][vc_column_inner][\/vc_column_inner][\/vc_row_inner][\/vc_column][vc_column width=\u00bb1\/3&#8243; css=\u00bb.vc_custom_1558477284830{padding-left: 70px !important;}\u00bb][vc_raw_html]JTNDYSUyMGhyZWYlM0QlMjJodHRwJTNBJTJGJTJGaW5zdGl0dXRvdGVjLmNvbS5hciUyRndlYjIlMkZyZXF1aXNpdG9zLWRlLWluZ3Jlc28lMkYlMjIlM0UlM0NkaXYlMjBjbGFzcyUzRCUyMmNhcnJlcmEtbGF0LWltZyUyMiUzRSUzQ2ltZyUyMHNyYyUzRCUyMmh0dHAlM0ElMkYlMkZpbnN0aXR1dG90ZWMuY29tLmFyJTJGd2ViMiUyRndwLWNvbnRlbnQlMkZ1cGxvYWRzJTJGMjAxOSUyRjA1JTJGMDAxLXBlbmNpbC5zdmclMjIlMjB3aWR0aCUzRCUyMjYwcHglMjIlMjBoZWlnaHQlM0QlMjJhdXRvJTIyJTIwJTJGJTNFJTNDJTJGZGl2JTNFJTBBJTNDZGl2JTIwY2xhc3MlM0QlMjJjYXJyZXJhLWxhdC10ZXh0JTIyJTNFJTBBJTNDZGl2JTIwY2xhc3MlM0QlMjJjYXJyZXJhLWxhdC10ZXh0LWRlc2MlMjIlM0VRdSVDMyVBOSUyMG5lY2VzaXRvJTIwcGFyYSUyMGluZ3Jlc2FyJTNGJTNDJTJGZGl2JTNFJTBBJTNDZGl2JTIwY2xhc3MlM0QlMjJjYXJyZXJhLWxhdC10ZXh0LXRpdGxlJTIyJTNFUmVxdWlzaXRvcyUyMGRlJTIwaW5ncmVzbyUzQyUyRmRpdiUzRSUwQSUzQyUyRmRpdiUzRSUzQyUyRmElM0U=[\/vc_raw_html][vc_separator color=\u00bbcustom\u00bb style=\u00bbdotted\u00bb el_width=\u00bb90&#8243; accent_color=\u00bb#f2f2f2&#8243;][vc_raw_html]JTNDYSUyMGhyZWYlM0QlMjIlMjMlMjIlM0UlM0NkaXYlMjBjbGFzcyUzRCUyMmNhcnJlcmEtbGF0LWltZyUyMiUzRSUzQ2ltZyUyMHNyYyUzRCUyMmh0dHAlM0ElMkYlMkZpbnN0aXR1dG90ZWMuY29tLmFyJTJGd2ViMiUyRndwLWNvbnRlbnQlMkZ1cGxvYWRzJTJGMjAxOSUyRjA1JTJGMDAyLWFyY2hpdmUuc3ZnJTIyJTIwd2lkdGglM0QlMjI2MHB4JTIyJTIwaGVpZ2h0JTNEJTIyYXV0byUyMiUyMCUyRiUzRSUzQyUyRmRpdiUzRSUwQSUzQ2RpdiUyMGNsYXNzJTNEJTIyY2FycmVyYS1sYXQtdGV4dCUyMiUzRSUwQSUzQ2RpdiUyMGNsYXNzJTNEJTIyY2FycmVyYS1sYXQtdGV4dC1kZXNjJTIyJTNFRGVzY2FyZ2FyJTIwZm9sbGV0byUyMGVuJTIwUERGJTNDJTJGZGl2JTNFJTBBJTNDZGl2JTIwY2xhc3MlM0QlMjJjYXJyZXJhLWxhdC10ZXh0LXRpdGxlJTIyJTNFTWF0ZXJpYWwlMjBkZSUyMERlc2NhcmdhJTNDJTJGZGl2JTNFJTBBJTNDJTJGZGl2JTNFJTNDJTJGYSUzRQ==[\/vc_raw_html][\/vc_column][\/vc_row]<\/p>\n","protected":false},"excerpt":{"rendered":"<p>[vc_row tm_bgcolor=\u00bbwhite\u00bb tm_bgimagefixed=\u00bb\u00bb break_in_responsive=\u00bb1200&#8243; full_width=\u00bbstretch_row\u00bb css=\u00bb.vc_custom_1558492718520{padding-top: 90px !important;}\u00bb el_class=\u00bbpadding-top-0px-1200 padding-bottom-0px-1200&#8243;][vc_column tm_textcolor=\u00bbwhite\u00bb width=\u00bb3\/4&#8243; el_class=\u00bbtm-bgcolor-darkgrey sombra\u00bb][vc_row_inner break_in_responsive=\u00bb991&#8243; tm_shadow=\u00bbyes\u00bb css=\u00bb.vc_custom_1557627408116{padding-top: 50px !important;padding-right: 50px !important;padding-bottom: 30px !important;padding-left: 40px !important;}\u00bb tm_responsive_css=\u00bb84833920|colbreak_no|||||||||colbreak_no|||||||||colbreak_no||||||15px||15px||colbreak_no|||||||||\u00bb][vc_column_inner width=\u00bb5\/6&#8243; tm_responsive_css=\u00bb23362522|colbreak_no|||||||||colbreak_no||||||20px|||colbreak_no||||||||||colbreak_no|||||||||\u00bb][\/vc_column_inner][vc_column_inner width=\u00bb1\/6&#8243;][\/vc_column_inner][\/vc_row_inner][\/vc_column][vc_column tm_textcolor=\u00bbwhite\u00bb &hellip; <a href=\"https:\/\/institutotec.com.ar\/web2\/cursos-cortos\/organizador-profesional-de-eventos\/\" class=\"more-link\">Continue reading <span class=\"screen-reader-text\">Organizador Profesional de Eventos<\/span><\/a><\/p>\n","protected":false},"author":2,"featured_media":0,"parent":256,"menu_order":0,"comment_status":"closed","ping_status":"closed","template":"","meta":{"footnotes":""},"class_list":["post-10545","page","type-page","status-publish","hentry"],"aioseo_notices":[],"_links":{"self":[{"href":"https:\/\/institutotec.com.ar\/web2\/wp-json\/wp\/v2\/pages\/10545","targetHints":{"allow":["GET"]}}],"collection":[{"href":"https:\/\/institutotec.com.ar\/web2\/wp-json\/wp\/v2\/pages"}],"about":[{"href":"https:\/\/institutotec.com.ar\/web2\/wp-json\/wp\/v2\/types\/page"}],"author":[{"embeddable":true,"href":"https:\/\/institutotec.com.ar\/web2\/wp-json\/wp\/v2\/users\/2"}],"replies":[{"embeddable":true,"href":"https:\/\/institutotec.com.ar\/web2\/wp-json\/wp\/v2\/comments?post=10545"}],"version-history":[{"count":20,"href":"https:\/\/institutotec.com.ar\/web2\/wp-json\/wp\/v2\/pages\/10545\/revisions"}],"predecessor-version":[{"id":13381,"href":"https:\/\/institutotec.com.ar\/web2\/wp-json\/wp\/v2\/pages\/10545\/revisions\/13381"}],"up":[{"embeddable":true,"href":"https:\/\/institutotec.com.ar\/web2\/wp-json\/wp\/v2\/pages\/256"}],"wp:attachment":[{"href":"https:\/\/institutotec.com.ar\/web2\/wp-json\/wp\/v2\/media?parent=10545"}],"curies":[{"name":"wp","href":"https:\/\/api.w.org\/{rel}","templated":true}]}}