{"id":10655,"date":"2019-05-15T00:43:36","date_gmt":"2019-05-15T03:43:36","guid":{"rendered":"http:\/\/institutotec.com.ar\/web2\/login\/"},"modified":"2019-05-16T01:12:30","modified_gmt":"2019-05-16T04:12:30","slug":"login","status":"publish","type":"page","link":"https:\/\/institutotec.com.ar\/web2\/login\/","title":{"rendered":"Acceso Alumnos"},"content":{"rendered":"<p>[vc_row tm_bgimagefixed=\u00bb\u00bb css=\u00bb.vc_custom_1557979897481{background-position: center !important;background-repeat: no-repeat !important;background-size: cover !important;}\u00bb][vc_column width=\u00bb7\/12&#8243;]\n<div class=\"upme-wrap upme-login  \" style=\"width:100%;\" >\n    <div class=\"upme-inner upme-clearfix upme-login-wrapper\">\n\n        <!-- UPME Filters for before login head section -->\n                <!-- End Filters -->\n\n        <!-- UPME Filters for customizing head section -->\n        \n<div class=\"upme-head\">\n\t\t    <div class=\"upme-left\">\n\t        <div class=\"upme-field-name upme-field-name-wide login-heading\" id=\"login-heading-1\"> Acceso<\/div>\n\t    <\/div>\n        <div class=\"upme-right\"><\/div><div class=\"upme-clear\"><\/div>\n<\/div>\n\n        <!-- End Filters -->\n        \n    \n        <!-- UPME Filters for after login head section -->\n                <!-- End Filters -->\n\n\n        <div class=\"upme-main\">\n                        \n            \n            \n\n            \n<form action=\"\" method=\"post\" id=\"upme-login-form-1\">\n\n    \n    <!-- Display login fields inside the form -->\n    \n<div class=\"upme-field upme-edit upme-edit-show upme-user_login\">    \n    \n            <label class=\"upme-field-type\" for=\"user_login\">\n                <i class=\"upme-icon upme-icon-user\"><\/i>                            \n                <span>Usuario o Email<\/span>\n            <\/label>\n            \n        <div class=\"upme-field-value\">\n            <input type=\"text\" class=\"upme-input\" name=\"user_login\" id=\"user_login\" value=\"\"  \/>        <\/div>\n\n<\/div>\n<div class=\"upme-clear\"><\/div>\n<div class=\"upme-field upme-edit upme-edit-show upme-login_user_pass\">    \n    \n            <label class=\"upme-field-type\" for=\"login_user_pass\">\n                <i class=\"upme-icon upme-icon-lock\"><\/i>                            \n                <span>Contrase\u00f1a<\/span>\n            <\/label>\n            \n        <div class=\"upme-field-value\">\n            <input type=\"password\" class=\"upme-input\" name=\"login_user_pass\" id=\"login_user_pass\" value=\"\"  \/>        <\/div>\n\n<\/div>\n<div class=\"upme-clear\"><\/div>\n\n    <!-- Display captcha verification fields after the login fields -->\n    <input type=\"hidden\" name=\"no_captcha\" value=\"yes\" \/>\n    <div class=\"upme-field upme-edit upme-edit-show\">\n        <label class=\"upme-field-type upme-field-type-\">&nbsp;<\/label>\n        <div class=\"upme-field-value\">\n\n            <!-- UPME Filters for adding extra fields or hidden data in forgot form -->\n                        <!-- End Filter -->\n\n            <input type=\"hidden\" name=\"upme-hidden-login-form-name\" value=\"8mSfWjLYrdyt\" \/>\n            <input type=\"hidden\" name=\"upme-hidden-login-form-name-hash\" value=\"0b29ed4dda51666583334e7c8451f5b54ee9f1d4441834691623890df317dd32\" \/>\n\n            <div class=\"upme-rememberme \">\n                <i class=\"upme-icon upme-icon-square-o\"><\/i> Recordarme                <input type=\"hidden\" name=\"rememberme\" id=\"rememberme-1\" value=\"0\" \/>\n            <\/div>\n            <input type=\"submit\" name=\"upme-login\" class=\"upme-button upme-login \" value=\"Acceder\" \/><br \/>\n\n            <a href=\"javascript:void(0);\" id=\"upme-forgot-pass-1\" class=\"upme-login-forgot-link \" title=\"Perdiste la contrase\u00f1a?\">Perdiste la contrase\u00f1a?<\/a>\n\n        <\/div>\n    <\/div>\n    <div class=\"upme-clear\"><\/div>\n\n    <input type=\"hidden\" name=\"redirect_to\" value=\"\" \/>\n\n    <!-- UPME Filters for social login buttons section -->\n        <!-- End Filters -->\n\n<\/form>       \n\n        \n<!-- UPME Filters for adding extra fields or hidden data in login form -->\n<!-- End Filter -->\n\n<!-- Generating Forgot Password Form-->\n<div class=\"upme-forgot-pass\" id=\"upme-forgot-pass-holder-1\">\n    <div class=\"upme-field upme-edit upme-edit-show\">\n        <label class=\"upme-field-type\" for=\"user_name_email-1\">\n            <i class=\"upme-icon upme-icon-user\"><\/i>\n            <span>Usuario o Email<\/span>\n        <\/label>\n        <div class=\"upme-field-value\">\n            <input type=\"text\" class=\"upme-input\" name=\"user_name_email\" id=\"user_name_email-1\" value=\"\"><\/div>\n    <\/div>\n\n    <div class=\"upme-field upme-edit upme-edit-show\">\n        <label class=\"upme-field-type upme-blank-lable\">&nbsp;<\/label>\n        <div class=\"upme-field-value\">\n            <div class=\"upme-back-to-login\">\n            <a href=\"javascript:void(0);\" title=\"Volver al Acceso\" id=\"upme-back-to-login-1\">Volver al Acceso<\/a>             <\/div>\n\n        <input type=\"button\" name=\"upme-forgot-pass\" id=\"upme-forgot-pass-btn-1\" class=\"upme-button upme-login\" value=\"Reestablecer Acceso\">\n        <\/div>\n    <\/div>\n<\/div>\n        <\/div>\n\n        <!-- UPME Filters for after login fields section -->\n                <!-- End Filters -->\n\n    <\/div>\n<\/div>[\/vc_column][vc_column width=\u00bb5\/12&#8243;]<div class=\"tm-element-heading-wrapper tm-heading-inner tm-element-align-left tm-seperator-solid tm-heading-style-vertical \"><section class=\"tm-vc_cta3-container\"><div class=\"tm-vc_general tm-vc_cta3 tm-cta3-only tm-vc_cta3-style-classic tm-vc_cta3-shape-rounded tm-vc_cta3-align-left tm-vc_cta3-color-transparent tm-vc_cta3-icon-size-md tm-vc_cta3-actions-no tm-cta3-with-desc\"><div class=\"tm-vc_cta3_content-container\"><div class=\"tm-vc_cta3-content\"><header class=\"tm-vc_cta3-content-header tm-wrap\"><div class=\"tm-vc_cta3-headers tm-wrap-cell\"><h2 class=\"tm-custom-heading \" >Acceso Exclusivo Alumnos<\/h2>\n<\/div><div class=\"heading-seperator\"><span><\/span><\/div><\/header><div class=\"tm-cta3-content-wrapper\"><p>Si sos Alumno y ten\u00e9s alg\u00fan inconveniente para acceder a la intranet o a\u00fan no has sido dado de alta, comunicate telef\u00f3nicamente con nosotros al (0341) 421-7628. Pod\u00e9s escribirnos tambi\u00e9n a <a href=\"mailto:info@institutotec.com.ar\" target=\"_blank\" rel=\"noopener noreferrer\">info@institutotec.com.ar<\/a>.<\/p><\/div><\/div><\/div><\/div><\/section><\/div> <!-- .tm-element-heading-wrapper container --> [\/vc_column][\/vc_row]<\/p>\n","protected":false},"excerpt":{"rendered":"<p>[vc_row tm_bgimagefixed=\u00bb\u00bb css=\u00bb.vc_custom_1557979897481{background-position: center !important;background-repeat: no-repeat !important;background-size: cover !important;}\u00bb][vc_column width=\u00bb7\/12&#8243;][\/vc_column][vc_column width=\u00bb5\/12&#8243;][\/vc_column][\/vc_row]<\/p>\n","protected":false},"author":3,"featured_media":0,"parent":0,"menu_order":0,"comment_status":"closed","ping_status":"closed","template":"","meta":{"footnotes":""},"class_list":["post-10655","page","type-page","status-publish","hentry"],"aioseo_notices":[],"_links":{"self":[{"href":"https:\/\/institutotec.com.ar\/web2\/wp-json\/wp\/v2\/pages\/10655","targetHints":{"allow":["GET"]}}],"collection":[{"href":"https:\/\/institutotec.com.ar\/web2\/wp-json\/wp\/v2\/pages"}],"about":[{"href":"https:\/\/institutotec.com.ar\/web2\/wp-json\/wp\/v2\/types\/page"}],"author":[{"embeddable":true,"href":"https:\/\/institutotec.com.ar\/web2\/wp-json\/wp\/v2\/users\/3"}],"replies":[{"embeddable":true,"href":"https:\/\/institutotec.com.ar\/web2\/wp-json\/wp\/v2\/comments?post=10655"}],"version-history":[{"count":14,"href":"https:\/\/institutotec.com.ar\/web2\/wp-json\/wp\/v2\/pages\/10655\/revisions"}],"predecessor-version":[{"id":10705,"href":"https:\/\/institutotec.com.ar\/web2\/wp-json\/wp\/v2\/pages\/10655\/revisions\/10705"}],"wp:attachment":[{"href":"https:\/\/institutotec.com.ar\/web2\/wp-json\/wp\/v2\/media?parent=10655"}],"curies":[{"name":"wp","href":"https:\/\/api.w.org\/{rel}","templated":true}]}}