{"id":147,"date":"2015-08-05T13:17:08","date_gmt":"2015-08-05T16:17:08","guid":{"rendered":"http:\/\/ced21.com.ar\/web\/?page_id=147"},"modified":"2019-05-14T21:50:33","modified_gmt":"2019-05-15T00:50:33","slug":"fotogalerias","status":"publish","type":"page","link":"https:\/\/institutotec.com.ar\/web2\/fotogalerias\/","title":{"rendered":"Fotogaler\u00edas"},"content":{"rendered":"<p>[vc_row tm_bgimagefixed=\u00bb\u00bb full_width=\u00bbstretch_row_content\u00bb css=\u00bb.vc_custom_1557881339434{background-position: 0 0 !important;background-repeat: no-repeat !important;}\u00bb][vc_column]<div class=\"themetechmount-boxes themetechmount-boxes-portfolio themetechmount-boxes-view-default themetechmount-boxes-col-four themetechmount-boxes-sortable-no themetechmount-boxes-textalign-center themetechmount-boxes-sortablebutton-square vc_custom_1557881382831\">\n\t\t<div class=\"themetechmount-boxes-inner themetechmount-boxes-portfolio-inner \"><div class=\"themetechmount-box-heading-wrapper tm-element-align-center\"><div class=\"tm-element-heading-wrapper tm-heading-inner tm-element-align-center tm-seperator-solid tm-heading-style-vertical \"><section class=\"tm-vc_cta3-container\"><div class=\"tm-vc_general tm-vc_cta3 tm-cta3-only tm-vc_cta3-style-classic tm-vc_cta3-shape-rounded tm-vc_cta3-align-center tm-vc_cta3-color-transparent tm-vc_cta3-icon-size-md tm-vc_cta3-actions-no tm-cta3-with-desc\"><div class=\"tm-vc_cta3_content-container\"><div class=\"tm-vc_cta3-content\"><header class=\"tm-vc_cta3-content-header tm-wrap\"><div class=\"tm-vc_cta3-headers tm-wrap-cell\"><h2 class=\"tm-custom-heading \" >TEC y sus actividades en im\u00e1genes<\/h2>\n<\/div><div class=\"heading-seperator\"><span><\/span><\/div><\/header><div class=\"tm-cta3-content-wrapper\"><p>Te mostramos un poco de todo lo que hacemos en nuestro instituto. Si sos alumno encontrate en nuestras galer\u00edas de fotos. Si sos aspirante, ingres\u00e1 y conoc\u00e9 m\u00e1s del mundo TEC.<\/p><\/div><\/div><\/div><\/div><\/section><\/div> <!-- .tm-element-heading-wrapper container --> <\/div> <!-- .tm-element-heading-wrapper container --> \n\t\t\t\n\t\t\t<div class=\"row multi-columns-row themetechmount-boxes-row-wrapper\">\n\t\t\t\t<div class=\"tm-box-col-wrapper col-lg-3 col-sm-6 col-md-3 col-xs-12 fotogaleria\"><article class=\"themetechmount-box themetechmount-box-portfolio themetechmount-box-view-top-image themetechmount-portfolio-box-view-top-image \">\n\t<div class=\"themetechmount-post-item\">\n\t\t\n\t\t<div class=\"themetechmount-post-item-inner\">\n\t\t\t<div class=\"tm-featured-wrapper tm-tm_portfolio-featured-wrapper\"><a href=\"https:\/\/institutotec.com.ar\/web2\/fotogaleria\/graduacion-tec-2025-2\/\"><img loading=\"lazy\" decoding=\"async\" width=\"720\" height=\"550\" src=\"https:\/\/institutotec.com.ar\/web2\/wp-content\/uploads\/2025\/12\/MG_7329-720x550.jpg\" class=\"attachment-themetechmount-img-portfolio size-themetechmount-img-portfolio wp-post-image\" alt=\"\" data-id=\"13533\" \/><\/a><\/div>\t\t\t<div class=\"themetechmount-box-content themetechmount-overlay\">\n\t\t\t\t<div class=\"themetechmount-box-content-inner\">\n\t\t\t\t\t<div class=\"themetechmount-icon-box themetechmount-media-link\"><a class=\"tm_prettyphoto\" title=\"Graduacion TEC 2025\" href=\"https:\/\/institutotec.com.ar\/web2\/wp-content\/uploads\/2025\/12\/MG_7329-scaled.jpg\"><i class=\"tm-tectxon-icon-image\"><\/i><\/a><a href=\" https:\/\/institutotec.com.ar\/web2\/fotogaleria\/graduacion-tec-2025-2\/\" class=\"themetechmount_pf_link\"><i class=\"tm-tectxon-icon-link\"><\/i><\/a><\/div>\t\n\t\t\t\t<\/div>\t\t\t\n\t\t\t<\/div>\n\t\t<\/div>\n\t\t\n\t\t<div class=\"themetechmount-box-bottom-content\">\t\t\n\t\t\t\t<div class=\"themetechmount-box-title\"><div class=\"themetechmount-box-title\"><h4><a href=\"https:\/\/institutotec.com.ar\/web2\/fotogaleria\/graduacion-tec-2025-2\/\">Graduacion TEC 2025<\/a><\/h4><\/div><\/div>\n\t\t\t\t<div class=\"themetechmount-box-category\"><a href=\"https:\/\/institutotec.com.ar\/web2\/fotogaleria-categoria\/fotogaleria\/\" rel=\"tag\">Fotogaler\u00eda<\/a><\/div>\t\t\t\n\t\t<\/div>\n\t<\/div>\n<\/article><\/div><div class=\"tm-box-col-wrapper col-lg-3 col-sm-6 col-md-3 col-xs-12 fotogaleria\"><article class=\"themetechmount-box themetechmount-box-portfolio themetechmount-box-view-top-image themetechmount-portfolio-box-view-top-image \">\n\t<div class=\"themetechmount-post-item\">\n\t\t\n\t\t<div class=\"themetechmount-post-item-inner\">\n\t\t\t<div class=\"tm-featured-wrapper tm-tm_portfolio-featured-wrapper\"><a href=\"https:\/\/institutotec.com.ar\/web2\/fotogaleria\/graduacion-tec-2025\/\"><img loading=\"lazy\" decoding=\"async\" width=\"720\" height=\"550\" src=\"https:\/\/institutotec.com.ar\/web2\/wp-content\/uploads\/2022\/12\/MG_2512-1-720x550.jpg\" class=\"attachment-themetechmount-img-portfolio size-themetechmount-img-portfolio wp-post-image\" alt=\"\" data-id=\"13036\" \/><\/a><\/div>\t\t\t<div class=\"themetechmount-box-content themetechmount-overlay\">\n\t\t\t\t<div class=\"themetechmount-box-content-inner\">\n\t\t\t\t\t<div class=\"themetechmount-icon-box themetechmount-media-link\"><a class=\"tm_prettyphoto\" title=\"Graduaci\u00f3n TEC 2024\" href=\"https:\/\/institutotec.com.ar\/web2\/wp-content\/uploads\/2022\/12\/MG_2512-1-scaled.jpg\"><i class=\"tm-tectxon-icon-image\"><\/i><\/a><a href=\" https:\/\/institutotec.com.ar\/web2\/fotogaleria\/graduacion-tec-2025\/\" class=\"themetechmount_pf_link\"><i class=\"tm-tectxon-icon-link\"><\/i><\/a><\/div>\t\n\t\t\t\t<\/div>\t\t\t\n\t\t\t<\/div>\n\t\t<\/div>\n\t\t\n\t\t<div class=\"themetechmount-box-bottom-content\">\t\t\n\t\t\t\t<div class=\"themetechmount-box-title\"><div class=\"themetechmount-box-title\"><h4><a href=\"https:\/\/institutotec.com.ar\/web2\/fotogaleria\/graduacion-tec-2025\/\">Graduaci\u00f3n TEC 2024<\/a><\/h4><\/div><\/div>\n\t\t\t\t<div class=\"themetechmount-box-category\"><a href=\"https:\/\/institutotec.com.ar\/web2\/fotogaleria-categoria\/fotogaleria\/\" rel=\"tag\">Fotogaler\u00eda<\/a><\/div>\t\t\t\n\t\t<\/div>\n\t<\/div>\n<\/article><\/div><div class=\"tm-box-col-wrapper col-lg-3 col-sm-6 col-md-3 col-xs-12 fotogaleria\"><article class=\"themetechmount-box themetechmount-box-portfolio themetechmount-box-view-top-image themetechmount-portfolio-box-view-top-image \">\n\t<div class=\"themetechmount-post-item\">\n\t\t\n\t\t<div class=\"themetechmount-post-item-inner\">\n\t\t\t<div class=\"tm-featured-wrapper tm-tm_portfolio-featured-wrapper\"><a href=\"https:\/\/institutotec.com.ar\/web2\/fotogaleria\/graduacion-tec-2022\/\"><img loading=\"lazy\" decoding=\"async\" width=\"720\" height=\"550\" src=\"https:\/\/institutotec.com.ar\/web2\/wp-content\/uploads\/2022\/12\/MG_3369-720x550.jpg\" class=\"attachment-themetechmount-img-portfolio size-themetechmount-img-portfolio wp-post-image\" alt=\"\" data-id=\"12970\" \/><\/a><\/div>\t\t\t<div class=\"themetechmount-box-content themetechmount-overlay\">\n\t\t\t\t<div class=\"themetechmount-box-content-inner\">\n\t\t\t\t\t<div class=\"themetechmount-icon-box themetechmount-media-link\"><a class=\"tm_prettyphoto\" title=\"Graduaci\u00f3n TEC 2022\" href=\"https:\/\/institutotec.com.ar\/web2\/wp-content\/uploads\/2022\/12\/MG_3369-scaled.jpg\"><i class=\"tm-tectxon-icon-image\"><\/i><\/a><a href=\" https:\/\/institutotec.com.ar\/web2\/fotogaleria\/graduacion-tec-2022\/\" class=\"themetechmount_pf_link\"><i class=\"tm-tectxon-icon-link\"><\/i><\/a><\/div>\t\n\t\t\t\t<\/div>\t\t\t\n\t\t\t<\/div>\n\t\t<\/div>\n\t\t\n\t\t<div class=\"themetechmount-box-bottom-content\">\t\t\n\t\t\t\t<div class=\"themetechmount-box-title\"><div class=\"themetechmount-box-title\"><h4><a href=\"https:\/\/institutotec.com.ar\/web2\/fotogaleria\/graduacion-tec-2022\/\">Graduaci\u00f3n TEC 2022<\/a><\/h4><\/div><\/div>\n\t\t\t\t<div class=\"themetechmount-box-category\"><a href=\"https:\/\/institutotec.com.ar\/web2\/fotogaleria-categoria\/fotogaleria\/\" rel=\"tag\">Fotogaler\u00eda<\/a><\/div>\t\t\t\n\t\t<\/div>\n\t<\/div>\n<\/article><\/div>\n\t\t\t<\/div>\n\t\t<\/div><!-- .themetechmount-boxes-inner -->   <\/div><!-- .themetechmount-boxes -->  [\/vc_column][\/vc_row]<\/p>\n","protected":false},"excerpt":{"rendered":"<p>[vc_row tm_bgimagefixed=\u00bb\u00bb full_width=\u00bbstretch_row_content\u00bb css=\u00bb.vc_custom_1557881339434{background-position: 0 0 !important;background-repeat: no-repeat !important;}\u00bb][vc_column][\/vc_column][\/vc_row]<\/p>\n","protected":false},"author":2,"featured_media":0,"parent":0,"menu_order":0,"comment_status":"closed","ping_status":"closed","template":"","meta":{"footnotes":""},"class_list":["post-147","page","type-page","status-publish","hentry"],"aioseo_notices":[],"_links":{"self":[{"href":"https:\/\/institutotec.com.ar\/web2\/wp-json\/wp\/v2\/pages\/147","targetHints":{"allow":["GET"]}}],"collection":[{"href":"https:\/\/institutotec.com.ar\/web2\/wp-json\/wp\/v2\/pages"}],"about":[{"href":"https:\/\/institutotec.com.ar\/web2\/wp-json\/wp\/v2\/types\/page"}],"author":[{"embeddable":true,"href":"https:\/\/institutotec.com.ar\/web2\/wp-json\/wp\/v2\/users\/2"}],"replies":[{"embeddable":true,"href":"https:\/\/institutotec.com.ar\/web2\/wp-json\/wp\/v2\/comments?post=147"}],"version-history":[{"count":9,"href":"https:\/\/institutotec.com.ar\/web2\/wp-json\/wp\/v2\/pages\/147\/revisions"}],"predecessor-version":[{"id":10628,"href":"https:\/\/institutotec.com.ar\/web2\/wp-json\/wp\/v2\/pages\/147\/revisions\/10628"}],"wp:attachment":[{"href":"https:\/\/institutotec.com.ar\/web2\/wp-json\/wp\/v2\/media?parent=147"}],"curies":[{"name":"wp","href":"https:\/\/api.w.org\/{rel}","templated":true}]}}