{"id":7037,"date":"2015-10-05T01:17:09","date_gmt":"2015-10-05T04:17:09","guid":{"rendered":"http:\/\/institutotec.com.ar\/web\/?page_id=7037"},"modified":"2019-05-12T10:55:30","modified_gmt":"2019-05-12T13:55:30","slug":"extension","status":"publish","type":"page","link":"https:\/\/institutotec.com.ar\/web2\/extension\/","title":{"rendered":"Extensi\u00f3n"},"content":{"rendered":"<p>[vc_row tm_bgimagefixed=\u00bb\u00bb full_width=\u00bbstretch_row\u00bb css=\u00bb.vc_custom_1557669284512{padding-top: 200px !important;padding-bottom: 200px !important;background-image: url(http:\/\/institutotec.com.ar\/web2\/wp-content\/uploads\/2019\/05\/Home-7-Banner-Background-Image.png?id=10298) !important;background-position: center !important;background-repeat: no-repeat !important;background-size: cover !important;}\u00bb][vc_column width=\u00bb1\/2&#8243;]<div class=\"tm-element-heading-wrapper tm-heading-inner tm-element-align-left tm-seperator-solid tm-heading-style-vertical \"><section class=\"tm-vc_cta3-container\"><div class=\"tm-vc_general tm-vc_cta3 tm-cta3-only tm-vc_cta3-style-classic tm-vc_cta3-shape-rounded tm-vc_cta3-align-left tm-vc_cta3-color-transparent tm-vc_cta3-icon-size-md tm-vc_cta3-actions-no tm-cta3-with-desc\"><div class=\"tm-vc_cta3_content-container\"><div class=\"tm-vc_cta3-content\"><header class=\"tm-vc_cta3-content-header tm-wrap\"><div class=\"tm-vc_cta3-headers tm-wrap-cell\"><h2 class=\"tm-custom-heading \" >Regresa pronto!<\/h2>\n<\/div><div class=\"heading-seperator\"><span><\/span><\/div><\/header><div class=\"tm-cta3-content-wrapper\"><p>A\u00fan no tenemos informaci\u00f3n disponible en esta secci\u00f3n. En breve estar\u00e1 disponible\u2026 no olvides regresar!<\/p><\/div><\/div><\/div><\/div><\/section><\/div> <!-- .tm-element-heading-wrapper container --> [\/vc_column][vc_column width=\u00bb1\/2&#8243;][\/vc_column][\/vc_row]<\/p>\n","protected":false},"excerpt":{"rendered":"<p>[vc_row tm_bgimagefixed=\u00bb\u00bb full_width=\u00bbstretch_row\u00bb css=\u00bb.vc_custom_1557669284512{padding-top: 200px !important;padding-bottom: 200px !important;background-image: url(http:\/\/institutotec.com.ar\/web2\/wp-content\/uploads\/2019\/05\/Home-7-Banner-Background-Image.png?id=10298) !important;background-position: center !important;background-repeat: no-repeat !important;background-size: cover !important;}\u00bb][vc_column width=\u00bb1\/2&#8243;][\/vc_column][vc_column width=\u00bb1\/2&#8243;][\/vc_column][\/vc_row]<\/p>\n","protected":false},"author":2,"featured_media":0,"parent":0,"menu_order":0,"comment_status":"closed","ping_status":"closed","template":"","meta":{"footnotes":""},"class_list":["post-7037","page","type-page","status-publish","hentry"],"aioseo_notices":[],"_links":{"self":[{"href":"https:\/\/institutotec.com.ar\/web2\/wp-json\/wp\/v2\/pages\/7037","targetHints":{"allow":["GET"]}}],"collection":[{"href":"https:\/\/institutotec.com.ar\/web2\/wp-json\/wp\/v2\/pages"}],"about":[{"href":"https:\/\/institutotec.com.ar\/web2\/wp-json\/wp\/v2\/types\/page"}],"author":[{"embeddable":true,"href":"https:\/\/institutotec.com.ar\/web2\/wp-json\/wp\/v2\/users\/2"}],"replies":[{"embeddable":true,"href":"https:\/\/institutotec.com.ar\/web2\/wp-json\/wp\/v2\/comments?post=7037"}],"version-history":[{"count":7,"href":"https:\/\/institutotec.com.ar\/web2\/wp-json\/wp\/v2\/pages\/7037\/revisions"}],"predecessor-version":[{"id":10307,"href":"https:\/\/institutotec.com.ar\/web2\/wp-json\/wp\/v2\/pages\/7037\/revisions\/10307"}],"wp:attachment":[{"href":"https:\/\/institutotec.com.ar\/web2\/wp-json\/wp\/v2\/media?parent=7037"}],"curies":[{"name":"wp","href":"https:\/\/api.w.org\/{rel}","templated":true}]}}